{"id":7925,"date":"2023-06-27T08:26:53","date_gmt":"2023-06-27T11:26:53","guid":{"rendered":"https:\/\/www.bel.ind.br\/?page_id=7925"},"modified":"2023-06-27T08:26:53","modified_gmt":"2023-06-27T11:26:53","slug":"politica-de-tratamento-de-reclamacoes","status":"publish","type":"page","link":"https:\/\/www.bel.ind.br\/en\/politica-de-tratamento-de-reclamacoes\/","title":{"rendered":"Pol\u00edtica de Tratamento de Reclama\u00e7\u00f5es"},"content":{"rendered":"","protected":false},"excerpt":{"rendered":"","protected":false},"author":2,"featured_media":0,"parent":0,"menu_order":0,"comment_status":"closed","ping_status":"closed","template":"","meta":{"_acf_changed":false,"inline_featured_image":false,"footnotes":""},"class_list":["post-7925","page","type-page","status-publish","hentry"],"acf":[],"_links":{"self":[{"href":"https:\/\/www.bel.ind.br\/en\/wp-json\/wp\/v2\/pages\/7925","targetHints":{"allow":["GET"]}}],"collection":[{"href":"https:\/\/www.bel.ind.br\/en\/wp-json\/wp\/v2\/pages"}],"about":[{"href":"https:\/\/www.bel.ind.br\/en\/wp-json\/wp\/v2\/types\/page"}],"author":[{"embeddable":true,"href":"https:\/\/www.bel.ind.br\/en\/wp-json\/wp\/v2\/users\/2"}],"replies":[{"embeddable":true,"href":"https:\/\/www.bel.ind.br\/en\/wp-json\/wp\/v2\/comments?post=7925"}],"version-history":[{"count":1,"href":"https:\/\/www.bel.ind.br\/en\/wp-json\/wp\/v2\/pages\/7925\/revisions"}],"predecessor-version":[{"id":7926,"href":"https:\/\/www.bel.ind.br\/en\/wp-json\/wp\/v2\/pages\/7925\/revisions\/7926"}],"wp:attachment":[{"href":"https:\/\/www.bel.ind.br\/en\/wp-json\/wp\/v2\/media?parent=7925"}],"curies":[{"name":"wp","href":"https:\/\/api.w.org\/{rel}","templated":true}]}}